{"id":831,"date":"2025-05-19T14:06:20","date_gmt":"2025-05-19T12:06:20","guid":{"rendered":"https:\/\/tatianafomina.com\/?page_id=831"},"modified":"2025-05-19T14:11:08","modified_gmt":"2025-05-19T12:11:08","slug":"ai-il-consglio-dei-tredici","status":"publish","type":"page","link":"https:\/\/tatianafomina.com\/index.php\/ai-il-consglio-dei-tredici\/","title":{"rendered":"AI: il consglio dei Tredici"},"content":{"rendered":"\t\t<div data-elementor-type=\"wp-page\" data-elementor-id=\"831\" class=\"elementor elementor-831\">\n\t\t\t\t\t\t<section class=\"elementor-section elementor-top-section elementor-element elementor-element-e2300fe elementor-section-boxed elementor-section-height-default elementor-section-height-default\" data-id=\"e2300fe\" data-element_type=\"section\" data-e-type=\"section\">\n\t\t\t\t\t\t<div class=\"elementor-container elementor-column-gap-default\">\n\t\t\t\t\t<div class=\"elementor-column elementor-col-50 elementor-top-column elementor-element elementor-element-76061d9\" data-id=\"76061d9\" data-element_type=\"column\" data-e-type=\"column\">\n\t\t\t<div class=\"elementor-widget-wrap elementor-element-populated\">\n\t\t\t\t\t\t<div class=\"elementor-element elementor-element-29ab1ef elementor-widget elementor-widget-image\" data-id=\"29ab1ef\" data-element_type=\"widget\" data-e-type=\"widget\" data-widget_type=\"image.default\">\n\t\t\t\t<div class=\"elementor-widget-container\">\n\t\t\t\t\t\t\t\t\t\t\t\t\t\t\t<img fetchpriority=\"high\" decoding=\"async\" width=\"203\" height=\"300\" src=\"https:\/\/tatianafomina.com\/wp-content\/uploads\/2025\/05\/il_consiglio_dei_tredici-203x300.jpg\" class=\"attachment-medium size-medium wp-image-755\" alt=\"il consiglio dei tredic\" srcset=\"https:\/\/tatianafomina.com\/wp-content\/uploads\/2025\/05\/il_consiglio_dei_tredici-203x300.jpg 203w, https:\/\/tatianafomina.com\/wp-content\/uploads\/2025\/05\/il_consiglio_dei_tredici.jpg 478w\" sizes=\"(max-width: 203px) 100vw, 203px\" \/>\t\t\t\t\t\t\t\t\t\t\t\t\t\t\t<\/div>\n\t\t\t\t<\/div>\n\t\t\t\t\t<\/div>\n\t\t<\/div>\n\t\t\t\t<div class=\"elementor-column elementor-col-50 elementor-top-column elementor-element elementor-element-f509850\" data-id=\"f509850\" data-element_type=\"column\" data-e-type=\"column\">\n\t\t\t<div class=\"elementor-widget-wrap elementor-element-populated\">\n\t\t\t\t\t\t<div class=\"elementor-element elementor-element-c9a9998 elementor-widget elementor-widget-text-editor\" data-id=\"c9a9998\" data-element_type=\"widget\" data-e-type=\"widget\" data-widget_type=\"text-editor.default\">\n\t\t\t\t<div class=\"elementor-widget-container\">\n\t\t\t\t\t\t\t\t\t<h1 style=\"font-size: 20px;\"><strong>AI: il cosiglio dei Tredici<br \/><\/strong><spam style=\"font-size: 16px;\">di Tatiana Fomina<\/spam><\/h1><h1 style=\"font-size: 20px;\"><a href=\"https:\/\/www.amazon.com\/AI-Consiglio-Tredici-Sopravvissuti-Italian\/dp\/B0DW6XXWJ3\" target=\"_blank\" rel=\"noopener\"><span style=\"color: #ff0000;\"><span style=\"font-size: inherit;\">COMPRALO SU AMAZON =&gt; Clicca<\/span><\/span><\/a><\/h1><p>Ottant\u2019anni dopo una catastrofe genetica che ha ridisegnato la societ\u00e0, Marcus, Tati e Zac si ritrovano coinvolti in una corsa contro il tempo. <b>Attraversano un\u2019Europa in rovina, divisa tra antichi e nuovi poteri, per fermare un progetto che potrebbe cancellare per sempre ci\u00f2 che resta dell\u2019umanit\u00e0.<\/b> Mentre i legami tra loro si intrecciano in modi inaspettati, ogni passo li avvicina a scelte drammatiche, verit\u00e0 sconvolgenti e alla domanda cruciale: il prezzo di un mondo migliore pu\u00f2 valere la perdita di ci\u00f2 che ci rende umani?<br \/>La scelta \u00e8 vicina, e il futuro dipende da loro.<\/p><p>[Torna a: <a href=\"https:\/\/tatianafomina.com\/index.php\/libri-di-fantascienza\/\">libri di Tatiana Fomina<\/a>]<\/p>\t\t\t\t\t\t\t\t<\/div>\n\t\t\t\t<\/div>\n\t\t\t\t\t<\/div>\n\t\t<\/div>\n\t\t\t\t\t<\/div>\n\t\t<\/section>\n\t\t\t\t<\/div>\n\t\t","protected":false},"excerpt":{"rendered":"<p>AI: il cosiglio dei Tredicidi Tatiana Fomina COMPRALO SU AMAZON =&gt; Clicca Ottant\u2019anni dopo una catastrofe genetica che ha ridisegnato la societ\u00e0, Marcus, Tati e Zac si ritrovano coinvolti in una corsa contro il tempo. Attraversano un\u2019Europa in rovina, divisa tra antichi e nuovi poteri, per fermare un progetto che [&hellip;]<\/p>\n","protected":false},"author":1,"featured_media":0,"parent":0,"menu_order":0,"comment_status":"closed","ping_status":"closed","template":"","meta":{"_themeisle_gutenberg_block_has_review":false,"footnotes":""},"class_list":["post-831","page","type-page","status-publish","hentry"],"yoast_head":"<!-- This site is optimized with the Yoast SEO plugin v27.5 - https:\/\/yoast.com\/product\/yoast-seo-wordpress\/ -->\n<title>AI: il consglio dei Tredici - Scrittrice e Counselor - Roma<\/title>\n<meta name=\"robots\" content=\"index, follow, max-snippet:-1, max-image-preview:large, max-video-preview:-1\" \/>\n<link rel=\"canonical\" href=\"https:\/\/tatianafomina.com\/index.php\/ai-il-consglio-dei-tredici\/\" \/>\n<meta property=\"og:locale\" content=\"it_IT\" \/>\n<meta property=\"og:type\" content=\"article\" \/>\n<meta property=\"og:title\" content=\"AI: il consglio dei Tredici - Scrittrice e Counselor - Roma\" \/>\n<meta property=\"og:description\" content=\"AI: il cosiglio dei Tredicidi Tatiana Fomina COMPRALO SU AMAZON =&gt; Clicca Ottant\u2019anni dopo una catastrofe genetica che ha ridisegnato la societ\u00e0, Marcus, Tati e Zac si ritrovano coinvolti in una corsa contro il tempo. Attraversano un\u2019Europa in rovina, divisa tra antichi e nuovi poteri, per fermare un progetto che [&hellip;]\" \/>\n<meta property=\"og:url\" content=\"https:\/\/tatianafomina.com\/index.php\/ai-il-consglio-dei-tredici\/\" \/>\n<meta property=\"og:site_name\" content=\"Scrittrice e Counselor - Roma\" \/>\n<meta property=\"article:modified_time\" content=\"2025-05-19T12:11:08+00:00\" \/>\n<meta property=\"og:image\" content=\"https:\/\/tatianafomina.com\/wp-content\/uploads\/2025\/05\/il_consiglio_dei_tredici.jpg\" \/>\n\t<meta property=\"og:image:width\" content=\"478\" \/>\n\t<meta property=\"og:image:height\" content=\"706\" \/>\n\t<meta property=\"og:image:type\" content=\"image\/jpeg\" \/>\n<meta name=\"twitter:card\" content=\"summary_large_image\" \/>\n<meta name=\"twitter:label1\" content=\"Tempo di lettura stimato\" \/>\n\t<meta name=\"twitter:data1\" content=\"1 minuto\" \/>\n<script type=\"application\/ld+json\" class=\"yoast-schema-graph\">{\"@context\":\"https:\\\/\\\/schema.org\",\"@graph\":[{\"@type\":\"WebPage\",\"@id\":\"https:\\\/\\\/tatianafomina.com\\\/index.php\\\/ai-il-consglio-dei-tredici\\\/\",\"url\":\"https:\\\/\\\/tatianafomina.com\\\/index.php\\\/ai-il-consglio-dei-tredici\\\/\",\"name\":\"AI: il consglio dei Tredici - Scrittrice e Counselor - Roma\",\"isPartOf\":{\"@id\":\"https:\\\/\\\/tatianafomina.com\\\/#website\"},\"primaryImageOfPage\":{\"@id\":\"https:\\\/\\\/tatianafomina.com\\\/index.php\\\/ai-il-consglio-dei-tredici\\\/#primaryimage\"},\"image\":{\"@id\":\"https:\\\/\\\/tatianafomina.com\\\/index.php\\\/ai-il-consglio-dei-tredici\\\/#primaryimage\"},\"thumbnailUrl\":\"https:\\\/\\\/tatianafomina.com\\\/wp-content\\\/uploads\\\/2025\\\/05\\\/il_consiglio_dei_tredici-203x300.jpg\",\"datePublished\":\"2025-05-19T12:06:20+00:00\",\"dateModified\":\"2025-05-19T12:11:08+00:00\",\"breadcrumb\":{\"@id\":\"https:\\\/\\\/tatianafomina.com\\\/index.php\\\/ai-il-consglio-dei-tredici\\\/#breadcrumb\"},\"inLanguage\":\"it-IT\",\"potentialAction\":[{\"@type\":\"ReadAction\",\"target\":[\"https:\\\/\\\/tatianafomina.com\\\/index.php\\\/ai-il-consglio-dei-tredici\\\/\"]}]},{\"@type\":\"ImageObject\",\"inLanguage\":\"it-IT\",\"@id\":\"https:\\\/\\\/tatianafomina.com\\\/index.php\\\/ai-il-consglio-dei-tredici\\\/#primaryimage\",\"url\":\"https:\\\/\\\/tatianafomina.com\\\/wp-content\\\/uploads\\\/2025\\\/05\\\/il_consiglio_dei_tredici.jpg\",\"contentUrl\":\"https:\\\/\\\/tatianafomina.com\\\/wp-content\\\/uploads\\\/2025\\\/05\\\/il_consiglio_dei_tredici.jpg\",\"width\":478,\"height\":706,\"caption\":\"il consiglio dei tredic\"},{\"@type\":\"BreadcrumbList\",\"@id\":\"https:\\\/\\\/tatianafomina.com\\\/index.php\\\/ai-il-consglio-dei-tredici\\\/#breadcrumb\",\"itemListElement\":[{\"@type\":\"ListItem\",\"position\":1,\"name\":\"Home\",\"item\":\"https:\\\/\\\/tatianafomina.com\\\/\"},{\"@type\":\"ListItem\",\"position\":2,\"name\":\"AI: il consglio dei Tredici\"}]},{\"@type\":\"WebSite\",\"@id\":\"https:\\\/\\\/tatianafomina.com\\\/#website\",\"url\":\"https:\\\/\\\/tatianafomina.com\\\/\",\"name\":\"Tatiana Fomina - Counselor\",\"description\":\"Tatiana Fomina - Scrittrice e Counsellor\",\"potentialAction\":[{\"@type\":\"SearchAction\",\"target\":{\"@type\":\"EntryPoint\",\"urlTemplate\":\"https:\\\/\\\/tatianafomina.com\\\/?s={search_term_string}\"},\"query-input\":{\"@type\":\"PropertyValueSpecification\",\"valueRequired\":true,\"valueName\":\"search_term_string\"}}],\"inLanguage\":\"it-IT\"}]}<\/script>\n<!-- \/ Yoast SEO plugin. -->","yoast_head_json":{"title":"AI: il consglio dei Tredici - Scrittrice e Counselor - Roma","robots":{"index":"index","follow":"follow","max-snippet":"max-snippet:-1","max-image-preview":"max-image-preview:large","max-video-preview":"max-video-preview:-1"},"canonical":"https:\/\/tatianafomina.com\/index.php\/ai-il-consglio-dei-tredici\/","og_locale":"it_IT","og_type":"article","og_title":"AI: il consglio dei Tredici - Scrittrice e Counselor - Roma","og_description":"AI: il cosiglio dei Tredicidi Tatiana Fomina COMPRALO SU AMAZON =&gt; Clicca Ottant\u2019anni dopo una catastrofe genetica che ha ridisegnato la societ\u00e0, Marcus, Tati e Zac si ritrovano coinvolti in una corsa contro il tempo. Attraversano un\u2019Europa in rovina, divisa tra antichi e nuovi poteri, per fermare un progetto che [&hellip;]","og_url":"https:\/\/tatianafomina.com\/index.php\/ai-il-consglio-dei-tredici\/","og_site_name":"Scrittrice e Counselor - Roma","article_modified_time":"2025-05-19T12:11:08+00:00","og_image":[{"width":478,"height":706,"url":"https:\/\/tatianafomina.com\/wp-content\/uploads\/2025\/05\/il_consiglio_dei_tredici.jpg","type":"image\/jpeg"}],"twitter_card":"summary_large_image","twitter_misc":{"Tempo di lettura stimato":"1 minuto"},"schema":{"@context":"https:\/\/schema.org","@graph":[{"@type":"WebPage","@id":"https:\/\/tatianafomina.com\/index.php\/ai-il-consglio-dei-tredici\/","url":"https:\/\/tatianafomina.com\/index.php\/ai-il-consglio-dei-tredici\/","name":"AI: il consglio dei Tredici - Scrittrice e Counselor - Roma","isPartOf":{"@id":"https:\/\/tatianafomina.com\/#website"},"primaryImageOfPage":{"@id":"https:\/\/tatianafomina.com\/index.php\/ai-il-consglio-dei-tredici\/#primaryimage"},"image":{"@id":"https:\/\/tatianafomina.com\/index.php\/ai-il-consglio-dei-tredici\/#primaryimage"},"thumbnailUrl":"https:\/\/tatianafomina.com\/wp-content\/uploads\/2025\/05\/il_consiglio_dei_tredici-203x300.jpg","datePublished":"2025-05-19T12:06:20+00:00","dateModified":"2025-05-19T12:11:08+00:00","breadcrumb":{"@id":"https:\/\/tatianafomina.com\/index.php\/ai-il-consglio-dei-tredici\/#breadcrumb"},"inLanguage":"it-IT","potentialAction":[{"@type":"ReadAction","target":["https:\/\/tatianafomina.com\/index.php\/ai-il-consglio-dei-tredici\/"]}]},{"@type":"ImageObject","inLanguage":"it-IT","@id":"https:\/\/tatianafomina.com\/index.php\/ai-il-consglio-dei-tredici\/#primaryimage","url":"https:\/\/tatianafomina.com\/wp-content\/uploads\/2025\/05\/il_consiglio_dei_tredici.jpg","contentUrl":"https:\/\/tatianafomina.com\/wp-content\/uploads\/2025\/05\/il_consiglio_dei_tredici.jpg","width":478,"height":706,"caption":"il consiglio dei tredic"},{"@type":"BreadcrumbList","@id":"https:\/\/tatianafomina.com\/index.php\/ai-il-consglio-dei-tredici\/#breadcrumb","itemListElement":[{"@type":"ListItem","position":1,"name":"Home","item":"https:\/\/tatianafomina.com\/"},{"@type":"ListItem","position":2,"name":"AI: il consglio dei Tredici"}]},{"@type":"WebSite","@id":"https:\/\/tatianafomina.com\/#website","url":"https:\/\/tatianafomina.com\/","name":"Tatiana Fomina - Counselor","description":"Tatiana Fomina - Scrittrice e Counsellor","potentialAction":[{"@type":"SearchAction","target":{"@type":"EntryPoint","urlTemplate":"https:\/\/tatianafomina.com\/?s={search_term_string}"},"query-input":{"@type":"PropertyValueSpecification","valueRequired":true,"valueName":"search_term_string"}}],"inLanguage":"it-IT"}]}},"_links":{"self":[{"href":"https:\/\/tatianafomina.com\/index.php\/wp-json\/wp\/v2\/pages\/831","targetHints":{"allow":["GET"]}}],"collection":[{"href":"https:\/\/tatianafomina.com\/index.php\/wp-json\/wp\/v2\/pages"}],"about":[{"href":"https:\/\/tatianafomina.com\/index.php\/wp-json\/wp\/v2\/types\/page"}],"author":[{"embeddable":true,"href":"https:\/\/tatianafomina.com\/index.php\/wp-json\/wp\/v2\/users\/1"}],"replies":[{"embeddable":true,"href":"https:\/\/tatianafomina.com\/index.php\/wp-json\/wp\/v2\/comments?post=831"}],"version-history":[{"count":10,"href":"https:\/\/tatianafomina.com\/index.php\/wp-json\/wp\/v2\/pages\/831\/revisions"}],"predecessor-version":[{"id":844,"href":"https:\/\/tatianafomina.com\/index.php\/wp-json\/wp\/v2\/pages\/831\/revisions\/844"}],"wp:attachment":[{"href":"https:\/\/tatianafomina.com\/index.php\/wp-json\/wp\/v2\/media?parent=831"}],"curies":[{"name":"wp","href":"https:\/\/api.w.org\/{rel}","templated":true}]}}