{"id":783,"date":"2025-05-19T13:27:09","date_gmt":"2025-05-19T11:27:09","guid":{"rendered":"https:\/\/tatianafomina.com\/?page_id=783"},"modified":"2025-05-19T14:10:05","modified_gmt":"2025-05-19T12:10:05","slug":"ymani-il-virus-che-non-cambio-il-mondo","status":"publish","type":"page","link":"https:\/\/tatianafomina.com\/index.php\/ymani-il-virus-che-non-cambio-il-mondo\/","title":{"rendered":"YMANI Il virus che non cambi\u00f2 il mondo"},"content":{"rendered":"\t\t<div data-elementor-type=\"wp-page\" data-elementor-id=\"783\" class=\"elementor elementor-783\">\n\t\t\t\t\t\t<section class=\"elementor-section elementor-top-section elementor-element elementor-element-690a506 elementor-section-boxed elementor-section-height-default elementor-section-height-default\" data-id=\"690a506\" data-element_type=\"section\" data-e-type=\"section\">\n\t\t\t\t\t\t<div class=\"elementor-container elementor-column-gap-default\">\n\t\t\t\t\t<div class=\"elementor-column elementor-col-50 elementor-top-column elementor-element elementor-element-19fe9c9\" data-id=\"19fe9c9\" data-element_type=\"column\" data-e-type=\"column\">\n\t\t\t<div class=\"elementor-widget-wrap elementor-element-populated\">\n\t\t\t\t\t\t<div class=\"elementor-element elementor-element-e949d16 elementor-widget elementor-widget-image\" data-id=\"e949d16\" data-element_type=\"widget\" data-e-type=\"widget\" data-widget_type=\"image.default\">\n\t\t\t\t<div class=\"elementor-widget-container\">\n\t\t\t\t\t\t\t\t\t\t\t\t\t\t\t<img fetchpriority=\"high\" decoding=\"async\" width=\"214\" height=\"300\" src=\"https:\/\/tatianafomina.com\/wp-content\/uploads\/2021\/03\/copertina_FOMINA_300-214x300.jpg\" class=\"attachment-medium size-medium wp-image-470\" alt=\"ymani\" srcset=\"https:\/\/tatianafomina.com\/wp-content\/uploads\/2021\/03\/copertina_FOMINA_300-214x300.jpg 214w, https:\/\/tatianafomina.com\/wp-content\/uploads\/2021\/03\/copertina_FOMINA_300.jpg 436w\" sizes=\"(max-width: 214px) 100vw, 214px\" \/>\t\t\t\t\t\t\t\t\t\t\t\t\t\t\t<\/div>\n\t\t\t\t<\/div>\n\t\t\t\t\t<\/div>\n\t\t<\/div>\n\t\t\t\t<div class=\"elementor-column elementor-col-50 elementor-top-column elementor-element elementor-element-ed7a0e0\" data-id=\"ed7a0e0\" data-element_type=\"column\" data-e-type=\"column\">\n\t\t\t<div class=\"elementor-widget-wrap elementor-element-populated\">\n\t\t\t\t\t\t<div class=\"elementor-element elementor-element-6692603 elementor-widget elementor-widget-text-editor\" data-id=\"6692603\" data-element_type=\"widget\" data-e-type=\"widget\" data-widget_type=\"text-editor.default\">\n\t\t\t\t<div class=\"elementor-widget-container\">\n\t\t\t\t\t\t\t\t\t<h5>Ymani &#8211; il virus che non cambi\u00f2 il mondo.<br \/>di Tatiana Fomina<\/h5><h5><strong><span><a href=\"https:\/\/www.amazon.it\/YMANI-virus-cambi%C3%B2-mondo-Sopravvissuti-ebook\/dp\/B09C6LF2TV\/ref=sr_1_1?__mk_it_IT=%C3%85M%C3%85%C5%BD%C3%95%C3%91&amp;crid=2GY08EORSUGD&amp;dib=eyJ2IjoiMSJ9.iM2c7rc06m0NyUR5lv2rcxopUaKeHdT9I0Fp6czgsZ5qIw3MbfbT9DN2osHzKdvcxLwpEvRHT0r6Sk4OAhtdEYADXu1_DgHq8352JkrdmGYWbain3I9u_Fj1j1EiBoLrVlZc0X3nldDIBzv6NuiFxei3MmPMxF3_cj-PElLTvj_a8K57vsuejOVEatGw4NkoiVdsL_Iy8uaP13JemA32cX-Gt1xNVStu93DDygKi4shaovIRs6LRQd79zKgjOLKUA2LDXgrXQbLR9YESr2Qusp9Ta-hI2ni8EeurC9uvTDs.fqEsGZFA5S1APFvLK16NYLHFJwHL3iXzaUOP0t8WMJE&amp;dib_tag=se&amp;keywords=ymani&amp;qid=1747654708&amp;sprefix=ymani%2Caps%2C475&amp;sr=8-1\" target=\"_blank\" rel=\"noopener\">COMPRALO SU AMAZON =&gt; Clicca<\/a><\/span><\/strong><\/h5><p>Oppure in libreria:\u00a0<span>\u00a0<\/span><a href=\"https:\/\/www.lafeltrinelli.it\/libri\/ymani-virus-che-non-cambio\/9788831990721\" target=\"_blank\" rel=\"noopener\">La Feltrinelli<\/a>,\u00a0<span>\u00a0<\/span><a href=\"https:\/\/www.ibs.it\/ymani-virus-che-non-cambio-libro-tatiana-fomina\/e\/9788831990721\" target=\"_blank\" rel=\"noopener\">IBS<\/a>,<span>\u00a0<\/span><a href=\"https:\/\/www.libreriauniversitaria.it\/ymani-virus-non-cambio-mondo\/libro\/9788831990721\" target=\"_blank\" rel=\"noopener\">Libreria Universitaria<\/a>,<span>\u00a0<\/span><a href=\"https:\/\/www.libraccio.it\/autore\/tatiana-fomina\/libri.html\" target=\"_blank\" rel=\"noopener\">Libraccio<\/a><\/p><p><strong>La creazione di un virus in laboratorio<\/strong>, frutto della follia di uno scienziato deluso dal fallimento del suo matrimonio,<strong><span>\u00a0<\/span>ha cambiato totalmente il destino dell\u2019umanit\u00e0<\/strong>. A ottant\u2019anni dalla catastrofe un giovane ragazzo, Zac, in compagnia della sua amica Tati, intraprende un viaggio attraverso l\u2019Europa per raggiungere Mosca, la citt\u00e0 da dove tutto \u00e8 iniziato. Il loro obiettivo \u00e8 scoprire la verit\u00e0 su quanto \u00e8 successo, cosa ha cambiato cos\u00ec radicalmente la societ\u00e0 e se sia ancora possibile intervenire.<\/p><p>[Torna a: <a href=\"https:\/\/tatianafomina.com\/index.php\/libri-di-fantascienza\/\">libri di Tatiana Fomina<\/a>]<\/p>\t\t\t\t\t\t\t\t<\/div>\n\t\t\t\t<\/div>\n\t\t\t\t\t<\/div>\n\t\t<\/div>\n\t\t\t\t\t<\/div>\n\t\t<\/section>\n\t\t\t\t<section class=\"elementor-section elementor-top-section elementor-element elementor-element-3d26812 elementor-section-boxed elementor-section-height-default elementor-section-height-default\" data-id=\"3d26812\" data-element_type=\"section\" data-e-type=\"section\">\n\t\t\t\t\t\t<div class=\"elementor-container elementor-column-gap-default\">\n\t\t\t\t\t<div class=\"elementor-column elementor-col-100 elementor-top-column elementor-element elementor-element-c729d22\" data-id=\"c729d22\" data-element_type=\"column\" data-e-type=\"column\">\n\t\t\t<div class=\"elementor-widget-wrap elementor-element-populated\">\n\t\t\t\t\t\t<div class=\"elementor-element elementor-element-fdf0e3c elementor-widget elementor-widget-text-editor\" data-id=\"fdf0e3c\" data-element_type=\"widget\" data-e-type=\"widget\" data-widget_type=\"text-editor.default\">\n\t\t\t\t<div class=\"elementor-widget-container\">\n\t\t\t\t\t\t\t\t\t<p><strong><span>Recensioni<\/span><\/strong><\/p><p><a href=\"https:\/\/leggeretutti.eu\/un-virus-puo-stravolgere-il-mondo-il-romanzo-distopico-di-tatiana-fomina-arriva-in-libreria\/\" target=\"_blank\" rel=\"noopener\">Claudia Crapa, Leggere:tutti<\/a><br \/><span><strong>Il mondo pu\u00f2 essere cambiato? E in che modo potremmo immaginarci di cambiare il mondo e tutta l\u2019umanit\u00e0?<\/strong>\u00a0Tatiana Fomina nel suo primo romanzo \u201cYmani. Il virus che non cambi\u00f2 il mondo\u201d se lo figura cos\u00ec: un ricercatore genetista russo di nome Peter Zubov, nel disperato tentativo di cambiare l\u2019umanit\u00e0, si abbandona alla folle idea di creare in laboratorio un virus che uccide i portatori del gene rs4950, chiamato anche gene Alfa, presente in molti uomini di potere e dunque individuato dal genetista come il fautore del declino umano, e si conclude, quasi a chiudere un cerchio allo stesso modo: dopo 80 anni dal tentativo di Zubov di cambiare l\u2019umanit\u00e0, due ricercatori svizzeri, Marta e Cris si ritrovano a dialogare sulle possibile cause del declino umano e concludono abbandonandosi anch\u2019essi all\u2019idea folle che eliminando le persone, stavolta portatori del gene dell\u2019ostilit\u00e0, il mondo possa essere salvato.<\/span><\/p>\t\t\t\t\t\t\t\t<\/div>\n\t\t\t\t<\/div>\n\t\t\t\t\t<\/div>\n\t\t<\/div>\n\t\t\t\t\t<\/div>\n\t\t<\/section>\n\t\t\t\t<\/div>\n\t\t","protected":false},"excerpt":{"rendered":"<p>Ymani &#8211; il virus che non cambi\u00f2 il mondo.di Tatiana Fomina COMPRALO SU AMAZON =&gt; Clicca Oppure in libreria:\u00a0\u00a0La Feltrinelli,\u00a0\u00a0IBS,\u00a0Libreria Universitaria,\u00a0Libraccio La creazione di un virus in laboratorio, frutto della follia di uno scienziato deluso dal fallimento del suo matrimonio,\u00a0ha cambiato totalmente il destino dell\u2019umanit\u00e0. A ottant\u2019anni dalla catastrofe un [&hellip;]<\/p>\n","protected":false},"author":1,"featured_media":0,"parent":0,"menu_order":0,"comment_status":"closed","ping_status":"closed","template":"","meta":{"_themeisle_gutenberg_block_has_review":false,"footnotes":""},"class_list":["post-783","page","type-page","status-publish","hentry"],"yoast_head":"<!-- This site is optimized with the Yoast SEO plugin v27.5 - https:\/\/yoast.com\/product\/yoast-seo-wordpress\/ -->\n<title>YMANI Il virus che non cambi\u00f2 il mondo - Scrittrice e Counselor - Roma<\/title>\n<meta name=\"robots\" content=\"index, follow, max-snippet:-1, max-image-preview:large, max-video-preview:-1\" \/>\n<link rel=\"canonical\" href=\"https:\/\/tatianafomina.com\/index.php\/ymani-il-virus-che-non-cambio-il-mondo\/\" \/>\n<meta property=\"og:locale\" content=\"it_IT\" \/>\n<meta property=\"og:type\" content=\"article\" \/>\n<meta property=\"og:title\" content=\"YMANI Il virus che non cambi\u00f2 il mondo - Scrittrice e Counselor - Roma\" \/>\n<meta property=\"og:description\" content=\"Ymani &#8211; il virus che non cambi\u00f2 il mondo.di Tatiana Fomina COMPRALO SU AMAZON =&gt; Clicca Oppure in libreria:\u00a0\u00a0La Feltrinelli,\u00a0\u00a0IBS,\u00a0Libreria Universitaria,\u00a0Libraccio La creazione di un virus in laboratorio, frutto della follia di uno scienziato deluso dal fallimento del suo matrimonio,\u00a0ha cambiato totalmente il destino dell\u2019umanit\u00e0. A ottant\u2019anni dalla catastrofe un [&hellip;]\" \/>\n<meta property=\"og:url\" content=\"https:\/\/tatianafomina.com\/index.php\/ymani-il-virus-che-non-cambio-il-mondo\/\" \/>\n<meta property=\"og:site_name\" content=\"Scrittrice e Counselor - Roma\" \/>\n<meta property=\"article:modified_time\" content=\"2025-05-19T12:10:05+00:00\" \/>\n<meta property=\"og:image\" content=\"https:\/\/tatianafomina.com\/wp-content\/uploads\/2021\/03\/copertina_FOMINA_300.jpg\" \/>\n\t<meta property=\"og:image:width\" content=\"436\" \/>\n\t<meta property=\"og:image:height\" content=\"610\" \/>\n\t<meta property=\"og:image:type\" content=\"image\/jpeg\" \/>\n<meta name=\"twitter:card\" content=\"summary_large_image\" \/>\n<meta name=\"twitter:label1\" content=\"Tempo di lettura stimato\" \/>\n\t<meta name=\"twitter:data1\" content=\"1 minuto\" \/>\n<script type=\"application\/ld+json\" class=\"yoast-schema-graph\">{\"@context\":\"https:\\\/\\\/schema.org\",\"@graph\":[{\"@type\":\"WebPage\",\"@id\":\"https:\\\/\\\/tatianafomina.com\\\/index.php\\\/ymani-il-virus-che-non-cambio-il-mondo\\\/\",\"url\":\"https:\\\/\\\/tatianafomina.com\\\/index.php\\\/ymani-il-virus-che-non-cambio-il-mondo\\\/\",\"name\":\"YMANI Il virus che non cambi\u00f2 il mondo - Scrittrice e Counselor - Roma\",\"isPartOf\":{\"@id\":\"https:\\\/\\\/tatianafomina.com\\\/#website\"},\"primaryImageOfPage\":{\"@id\":\"https:\\\/\\\/tatianafomina.com\\\/index.php\\\/ymani-il-virus-che-non-cambio-il-mondo\\\/#primaryimage\"},\"image\":{\"@id\":\"https:\\\/\\\/tatianafomina.com\\\/index.php\\\/ymani-il-virus-che-non-cambio-il-mondo\\\/#primaryimage\"},\"thumbnailUrl\":\"https:\\\/\\\/tatianafomina.com\\\/wp-content\\\/uploads\\\/2021\\\/03\\\/copertina_FOMINA_300-214x300.jpg\",\"datePublished\":\"2025-05-19T11:27:09+00:00\",\"dateModified\":\"2025-05-19T12:10:05+00:00\",\"breadcrumb\":{\"@id\":\"https:\\\/\\\/tatianafomina.com\\\/index.php\\\/ymani-il-virus-che-non-cambio-il-mondo\\\/#breadcrumb\"},\"inLanguage\":\"it-IT\",\"potentialAction\":[{\"@type\":\"ReadAction\",\"target\":[\"https:\\\/\\\/tatianafomina.com\\\/index.php\\\/ymani-il-virus-che-non-cambio-il-mondo\\\/\"]}]},{\"@type\":\"ImageObject\",\"inLanguage\":\"it-IT\",\"@id\":\"https:\\\/\\\/tatianafomina.com\\\/index.php\\\/ymani-il-virus-che-non-cambio-il-mondo\\\/#primaryimage\",\"url\":\"https:\\\/\\\/tatianafomina.com\\\/wp-content\\\/uploads\\\/2021\\\/03\\\/copertina_FOMINA_300.jpg\",\"contentUrl\":\"https:\\\/\\\/tatianafomina.com\\\/wp-content\\\/uploads\\\/2021\\\/03\\\/copertina_FOMINA_300.jpg\",\"width\":436,\"height\":610,\"caption\":\"Ymani. Il virus che non cambi\u00f2 il mondo.\"},{\"@type\":\"BreadcrumbList\",\"@id\":\"https:\\\/\\\/tatianafomina.com\\\/index.php\\\/ymani-il-virus-che-non-cambio-il-mondo\\\/#breadcrumb\",\"itemListElement\":[{\"@type\":\"ListItem\",\"position\":1,\"name\":\"Home\",\"item\":\"https:\\\/\\\/tatianafomina.com\\\/\"},{\"@type\":\"ListItem\",\"position\":2,\"name\":\"YMANI Il virus che non cambi\u00f2 il mondo\"}]},{\"@type\":\"WebSite\",\"@id\":\"https:\\\/\\\/tatianafomina.com\\\/#website\",\"url\":\"https:\\\/\\\/tatianafomina.com\\\/\",\"name\":\"Tatiana Fomina - Counselor\",\"description\":\"Tatiana Fomina - Scrittrice e Counsellor\",\"potentialAction\":[{\"@type\":\"SearchAction\",\"target\":{\"@type\":\"EntryPoint\",\"urlTemplate\":\"https:\\\/\\\/tatianafomina.com\\\/?s={search_term_string}\"},\"query-input\":{\"@type\":\"PropertyValueSpecification\",\"valueRequired\":true,\"valueName\":\"search_term_string\"}}],\"inLanguage\":\"it-IT\"}]}<\/script>\n<!-- \/ Yoast SEO plugin. -->","yoast_head_json":{"title":"YMANI Il virus che non cambi\u00f2 il mondo - Scrittrice e Counselor - Roma","robots":{"index":"index","follow":"follow","max-snippet":"max-snippet:-1","max-image-preview":"max-image-preview:large","max-video-preview":"max-video-preview:-1"},"canonical":"https:\/\/tatianafomina.com\/index.php\/ymani-il-virus-che-non-cambio-il-mondo\/","og_locale":"it_IT","og_type":"article","og_title":"YMANI Il virus che non cambi\u00f2 il mondo - Scrittrice e Counselor - Roma","og_description":"Ymani &#8211; il virus che non cambi\u00f2 il mondo.di Tatiana Fomina COMPRALO SU AMAZON =&gt; Clicca Oppure in libreria:\u00a0\u00a0La Feltrinelli,\u00a0\u00a0IBS,\u00a0Libreria Universitaria,\u00a0Libraccio La creazione di un virus in laboratorio, frutto della follia di uno scienziato deluso dal fallimento del suo matrimonio,\u00a0ha cambiato totalmente il destino dell\u2019umanit\u00e0. A ottant\u2019anni dalla catastrofe un [&hellip;]","og_url":"https:\/\/tatianafomina.com\/index.php\/ymani-il-virus-che-non-cambio-il-mondo\/","og_site_name":"Scrittrice e Counselor - Roma","article_modified_time":"2025-05-19T12:10:05+00:00","og_image":[{"width":436,"height":610,"url":"https:\/\/tatianafomina.com\/wp-content\/uploads\/2021\/03\/copertina_FOMINA_300.jpg","type":"image\/jpeg"}],"twitter_card":"summary_large_image","twitter_misc":{"Tempo di lettura stimato":"1 minuto"},"schema":{"@context":"https:\/\/schema.org","@graph":[{"@type":"WebPage","@id":"https:\/\/tatianafomina.com\/index.php\/ymani-il-virus-che-non-cambio-il-mondo\/","url":"https:\/\/tatianafomina.com\/index.php\/ymani-il-virus-che-non-cambio-il-mondo\/","name":"YMANI Il virus che non cambi\u00f2 il mondo - Scrittrice e Counselor - Roma","isPartOf":{"@id":"https:\/\/tatianafomina.com\/#website"},"primaryImageOfPage":{"@id":"https:\/\/tatianafomina.com\/index.php\/ymani-il-virus-che-non-cambio-il-mondo\/#primaryimage"},"image":{"@id":"https:\/\/tatianafomina.com\/index.php\/ymani-il-virus-che-non-cambio-il-mondo\/#primaryimage"},"thumbnailUrl":"https:\/\/tatianafomina.com\/wp-content\/uploads\/2021\/03\/copertina_FOMINA_300-214x300.jpg","datePublished":"2025-05-19T11:27:09+00:00","dateModified":"2025-05-19T12:10:05+00:00","breadcrumb":{"@id":"https:\/\/tatianafomina.com\/index.php\/ymani-il-virus-che-non-cambio-il-mondo\/#breadcrumb"},"inLanguage":"it-IT","potentialAction":[{"@type":"ReadAction","target":["https:\/\/tatianafomina.com\/index.php\/ymani-il-virus-che-non-cambio-il-mondo\/"]}]},{"@type":"ImageObject","inLanguage":"it-IT","@id":"https:\/\/tatianafomina.com\/index.php\/ymani-il-virus-che-non-cambio-il-mondo\/#primaryimage","url":"https:\/\/tatianafomina.com\/wp-content\/uploads\/2021\/03\/copertina_FOMINA_300.jpg","contentUrl":"https:\/\/tatianafomina.com\/wp-content\/uploads\/2021\/03\/copertina_FOMINA_300.jpg","width":436,"height":610,"caption":"Ymani. Il virus che non cambi\u00f2 il mondo."},{"@type":"BreadcrumbList","@id":"https:\/\/tatianafomina.com\/index.php\/ymani-il-virus-che-non-cambio-il-mondo\/#breadcrumb","itemListElement":[{"@type":"ListItem","position":1,"name":"Home","item":"https:\/\/tatianafomina.com\/"},{"@type":"ListItem","position":2,"name":"YMANI Il virus che non cambi\u00f2 il mondo"}]},{"@type":"WebSite","@id":"https:\/\/tatianafomina.com\/#website","url":"https:\/\/tatianafomina.com\/","name":"Tatiana Fomina - Counselor","description":"Tatiana Fomina - Scrittrice e Counsellor","potentialAction":[{"@type":"SearchAction","target":{"@type":"EntryPoint","urlTemplate":"https:\/\/tatianafomina.com\/?s={search_term_string}"},"query-input":{"@type":"PropertyValueSpecification","valueRequired":true,"valueName":"search_term_string"}}],"inLanguage":"it-IT"}]}},"_links":{"self":[{"href":"https:\/\/tatianafomina.com\/index.php\/wp-json\/wp\/v2\/pages\/783","targetHints":{"allow":["GET"]}}],"collection":[{"href":"https:\/\/tatianafomina.com\/index.php\/wp-json\/wp\/v2\/pages"}],"about":[{"href":"https:\/\/tatianafomina.com\/index.php\/wp-json\/wp\/v2\/types\/page"}],"author":[{"embeddable":true,"href":"https:\/\/tatianafomina.com\/index.php\/wp-json\/wp\/v2\/users\/1"}],"replies":[{"embeddable":true,"href":"https:\/\/tatianafomina.com\/index.php\/wp-json\/wp\/v2\/comments?post=783"}],"version-history":[{"count":16,"href":"https:\/\/tatianafomina.com\/index.php\/wp-json\/wp\/v2\/pages\/783\/revisions"}],"predecessor-version":[{"id":850,"href":"https:\/\/tatianafomina.com\/index.php\/wp-json\/wp\/v2\/pages\/783\/revisions\/850"}],"wp:attachment":[{"href":"https:\/\/tatianafomina.com\/index.php\/wp-json\/wp\/v2\/media?parent=783"}],"curies":[{"name":"wp","href":"https:\/\/api.w.org\/{rel}","templated":true}]}}