{"id":60,"date":"2017-10-21T15:08:41","date_gmt":"2017-10-21T15:08:41","guid":{"rendered":"http:\/\/tatianafomina.com\/?page_id=60"},"modified":"2023-05-14T12:07:42","modified_gmt":"2023-05-14T10:07:42","slug":"sedute-di-counselling-relazioni-di-copia","status":"publish","type":"page","link":"https:\/\/tatianafomina.com\/index.php\/sedute-di-counselling-relazioni-di-copia\/","title":{"rendered":"SEDUTE DI COUNSELING"},"content":{"rendered":"<h2>Counseling: sedute personali<\/h2>\n<h4 style=\"text-align: justify;\"><strong style=\"font-size: 18.2px;\">Gli incontri di counseling sono rivolti a persone che attraversano momenti difficili, di disagio personale, crisi nella relazione di copia o difficolt\u00e0 nelle relazioni familiari e hanno bisogno di un sostegno per uscire dall&#8217;impasse in cui si trovano.<\/strong><\/h4>\n<p><strong><a href=\"https:\/\/www.counselingitalia.it\/articoli\/1008-la-conversazione-famigliarita-e-intimita\" target=\"_blank\" rel=\"noopener\">Il Counselor<\/a><\/strong> &#8211;\u00a0\u00e8 un professionista capace\u00a0di\u00a0indirizzare la persona verso una soluzione possibile dalla problematica presente nella relazione di copia, nell&#8217;ambito lavorativo o di altro genere.<\/p>\n<p style=\"text-align: justify;\">Sperimentare una relazione di fiducia, accettando i propri limiti e quelli dell\u2019altro. Un percorso efficace per affrontare problemi specifici della vita e ritrovare serenit\u00e0, benessere , padronanza e fiducia in se stessi.<\/p>\n<h3 style=\"text-align: left;\">In cosa pu\u00f2 aiutarmi il <strong>counseling<\/strong>?<\/h3>\n<p style=\"text-align: justify;\">Consapevolezza: migliorare la conoscenza di s\u00e9 stessi per comprendere le proprie debolezze, i personali punti di forza, i propri desideri e bisogni. La conoscenza di se rappresenta un prerequisito indispensabile per la comprensione degli altri.<\/p>\n<p style=\"text-align: justify;\">Empatia: capacit\u00e0 di comprendere gli altri, di \u201cmettersi nei loro panni\u201d, anche in situazioni che non ci sono pi\u00f9 familiari. L\u2019empatia permette di migliorare le relazioni.<\/p>\n<p style=\"text-align: justify;\">Comunicazione: sapersi esprimere, sia verbalmente che non verbalmente, in modo efficace e assertivo. Significa esprimere opinioni e desideri ma anche bisogni e sentimenti, essere in grado di ascoltare in modo accurato, comprendendo l\u2019altro e inoltre essere capaci, in caso di necessit\u00e0, di chiedere aiuto.<\/p>\n<p style=\"text-align: justify;\">Prendere decisioni: comprendere ed \u00a0elaborare in modo attivo il processo decisionale, valutando diverse opzioni, essere consapevoli e accettare le conseguenze che diverse decisioni implicano.<\/p>\n<p style=\"text-align: justify;\">Relazioni interpersonali: interagire e relazionarsi con gli altri in modo positivo. Questo vuol dire saper creare e mantenere relazioni significative, fondamentali per il benessere anche in ambito amicale e familiare. Pu\u00f2 inoltre significare essere in grado di negoziare e di interrompere le relazioni in modo costruttivo.<\/p>\n<p><strong>Per le sedute di couseling\u00a0<\/strong> &#8211; su appuntamento in Via Ansaldo, 6 \u2013 00154 Roma, <strong>Metro B Garbatella, <a href=\"https:\/\/tatianafomina.com\/index.php\/contatti\/\">contatti <\/a><\/strong><\/p>\n<p><strong>Per gli incontri di counseling via skype &#8211; <\/strong>per chi non pu\u00f2 venire presso lo studio,<span> gli incontri individuali possono essere svolti a distanza . La modalit\u00e0 \u00e8 da concordare.<\/span><\/p>\n<p><span>E-mail\u00a0<a href=\"mailto:info@tatianafomina.com\">info@tatianafomina.com<\/a><br \/><br \/><\/span><\/p>\n\n\n<p><\/p>\n","protected":false},"excerpt":{"rendered":"<p>Counseling: sedute personali Gli incontri di counseling sono rivolti a persone che attraversano momenti difficili, di disagio personale, crisi nella relazione di copia o difficolt\u00e0 nelle relazioni familiari e hanno bisogno di un sostegno per uscire dall&#8217;impasse in cui si trovano. Il Counselor &#8211;\u00a0\u00e8 un professionista capace\u00a0di\u00a0indirizzare la persona verso [&hellip;]<\/p>\n","protected":false},"author":1,"featured_media":0,"parent":0,"menu_order":0,"comment_status":"closed","ping_status":"closed","template":"","meta":{"_themeisle_gutenberg_block_has_review":false,"footnotes":""},"class_list":["post-60","page","type-page","status-publish","hentry"],"yoast_head":"<!-- This site is optimized with the Yoast SEO plugin v27.3 - https:\/\/yoast.com\/product\/yoast-seo-wordpress\/ -->\n<title>Sedute di counseling o counseling via skype - Tatiana Fomina, Roma<\/title>\n<meta name=\"description\" content=\"Una possibile soluzione\u00a0di\u00a0una problematica in relazione di copia o nel ambito lavorativo. Un percorso per affrontare problemi e ritrovare serenit\u00e0.\" \/>\n<meta name=\"robots\" content=\"index, follow, max-snippet:-1, max-image-preview:large, max-video-preview:-1\" \/>\n<link rel=\"canonical\" href=\"https:\/\/tatianafomina.com\/index.php\/sedute-di-counselling-relazioni-di-copia\/\" \/>\n<meta property=\"og:locale\" content=\"it_IT\" \/>\n<meta property=\"og:type\" content=\"article\" \/>\n<meta property=\"og:title\" content=\"Sedute di counseling o counseling via skype - Tatiana Fomina, Roma\" \/>\n<meta property=\"og:description\" content=\"Una possibile soluzione\u00a0di\u00a0una problematica in relazione di copia o nel ambito lavorativo. Un percorso per affrontare problemi e ritrovare serenit\u00e0.\" \/>\n<meta property=\"og:url\" content=\"https:\/\/tatianafomina.com\/index.php\/sedute-di-counselling-relazioni-di-copia\/\" \/>\n<meta property=\"og:site_name\" content=\"Scrittrice e Counselor - Roma\" \/>\n<meta property=\"article:modified_time\" content=\"2023-05-14T10:07:42+00:00\" \/>\n<meta name=\"twitter:card\" content=\"summary_large_image\" \/>\n<meta name=\"twitter:label1\" content=\"Tempo di lettura stimato\" \/>\n\t<meta name=\"twitter:data1\" content=\"2 minuti\" \/>\n<script type=\"application\/ld+json\" class=\"yoast-schema-graph\">{\"@context\":\"https:\\\/\\\/schema.org\",\"@graph\":[{\"@type\":\"WebPage\",\"@id\":\"https:\\\/\\\/tatianafomina.com\\\/index.php\\\/sedute-di-counselling-relazioni-di-copia\\\/\",\"url\":\"https:\\\/\\\/tatianafomina.com\\\/index.php\\\/sedute-di-counselling-relazioni-di-copia\\\/\",\"name\":\"Sedute di counseling o counseling via skype - Tatiana Fomina, Roma\",\"isPartOf\":{\"@id\":\"https:\\\/\\\/tatianafomina.com\\\/#website\"},\"datePublished\":\"2017-10-21T15:08:41+00:00\",\"dateModified\":\"2023-05-14T10:07:42+00:00\",\"description\":\"Una possibile soluzione\u00a0di\u00a0una problematica in relazione di copia o nel ambito lavorativo. Un percorso per affrontare problemi e ritrovare serenit\u00e0.\",\"breadcrumb\":{\"@id\":\"https:\\\/\\\/tatianafomina.com\\\/index.php\\\/sedute-di-counselling-relazioni-di-copia\\\/#breadcrumb\"},\"inLanguage\":\"it-IT\",\"potentialAction\":[{\"@type\":\"ReadAction\",\"target\":[\"https:\\\/\\\/tatianafomina.com\\\/index.php\\\/sedute-di-counselling-relazioni-di-copia\\\/\"]}]},{\"@type\":\"BreadcrumbList\",\"@id\":\"https:\\\/\\\/tatianafomina.com\\\/index.php\\\/sedute-di-counselling-relazioni-di-copia\\\/#breadcrumb\",\"itemListElement\":[{\"@type\":\"ListItem\",\"position\":1,\"name\":\"Home\",\"item\":\"https:\\\/\\\/tatianafomina.com\\\/\"},{\"@type\":\"ListItem\",\"position\":2,\"name\":\"SEDUTE DI COUNSELING\"}]},{\"@type\":\"WebSite\",\"@id\":\"https:\\\/\\\/tatianafomina.com\\\/#website\",\"url\":\"https:\\\/\\\/tatianafomina.com\\\/\",\"name\":\"Tatiana Fomina - Counselor\",\"description\":\"Tatiana Fomina - Scrittrice e Counsellor\",\"potentialAction\":[{\"@type\":\"SearchAction\",\"target\":{\"@type\":\"EntryPoint\",\"urlTemplate\":\"https:\\\/\\\/tatianafomina.com\\\/?s={search_term_string}\"},\"query-input\":{\"@type\":\"PropertyValueSpecification\",\"valueRequired\":true,\"valueName\":\"search_term_string\"}}],\"inLanguage\":\"it-IT\"}]}<\/script>\n<!-- \/ Yoast SEO plugin. -->","yoast_head_json":{"title":"Sedute di counseling o counseling via skype - Tatiana Fomina, Roma","description":"Una possibile soluzione\u00a0di\u00a0una problematica in relazione di copia o nel ambito lavorativo. Un percorso per affrontare problemi e ritrovare serenit\u00e0.","robots":{"index":"index","follow":"follow","max-snippet":"max-snippet:-1","max-image-preview":"max-image-preview:large","max-video-preview":"max-video-preview:-1"},"canonical":"https:\/\/tatianafomina.com\/index.php\/sedute-di-counselling-relazioni-di-copia\/","og_locale":"it_IT","og_type":"article","og_title":"Sedute di counseling o counseling via skype - Tatiana Fomina, Roma","og_description":"Una possibile soluzione\u00a0di\u00a0una problematica in relazione di copia o nel ambito lavorativo. Un percorso per affrontare problemi e ritrovare serenit\u00e0.","og_url":"https:\/\/tatianafomina.com\/index.php\/sedute-di-counselling-relazioni-di-copia\/","og_site_name":"Scrittrice e Counselor - Roma","article_modified_time":"2023-05-14T10:07:42+00:00","twitter_card":"summary_large_image","twitter_misc":{"Tempo di lettura stimato":"2 minuti"},"schema":{"@context":"https:\/\/schema.org","@graph":[{"@type":"WebPage","@id":"https:\/\/tatianafomina.com\/index.php\/sedute-di-counselling-relazioni-di-copia\/","url":"https:\/\/tatianafomina.com\/index.php\/sedute-di-counselling-relazioni-di-copia\/","name":"Sedute di counseling o counseling via skype - Tatiana Fomina, Roma","isPartOf":{"@id":"https:\/\/tatianafomina.com\/#website"},"datePublished":"2017-10-21T15:08:41+00:00","dateModified":"2023-05-14T10:07:42+00:00","description":"Una possibile soluzione\u00a0di\u00a0una problematica in relazione di copia o nel ambito lavorativo. Un percorso per affrontare problemi e ritrovare serenit\u00e0.","breadcrumb":{"@id":"https:\/\/tatianafomina.com\/index.php\/sedute-di-counselling-relazioni-di-copia\/#breadcrumb"},"inLanguage":"it-IT","potentialAction":[{"@type":"ReadAction","target":["https:\/\/tatianafomina.com\/index.php\/sedute-di-counselling-relazioni-di-copia\/"]}]},{"@type":"BreadcrumbList","@id":"https:\/\/tatianafomina.com\/index.php\/sedute-di-counselling-relazioni-di-copia\/#breadcrumb","itemListElement":[{"@type":"ListItem","position":1,"name":"Home","item":"https:\/\/tatianafomina.com\/"},{"@type":"ListItem","position":2,"name":"SEDUTE DI COUNSELING"}]},{"@type":"WebSite","@id":"https:\/\/tatianafomina.com\/#website","url":"https:\/\/tatianafomina.com\/","name":"Tatiana Fomina - Counselor","description":"Tatiana Fomina - Scrittrice e Counsellor","potentialAction":[{"@type":"SearchAction","target":{"@type":"EntryPoint","urlTemplate":"https:\/\/tatianafomina.com\/?s={search_term_string}"},"query-input":{"@type":"PropertyValueSpecification","valueRequired":true,"valueName":"search_term_string"}}],"inLanguage":"it-IT"}]}},"_links":{"self":[{"href":"https:\/\/tatianafomina.com\/index.php\/wp-json\/wp\/v2\/pages\/60","targetHints":{"allow":["GET"]}}],"collection":[{"href":"https:\/\/tatianafomina.com\/index.php\/wp-json\/wp\/v2\/pages"}],"about":[{"href":"https:\/\/tatianafomina.com\/index.php\/wp-json\/wp\/v2\/types\/page"}],"author":[{"embeddable":true,"href":"https:\/\/tatianafomina.com\/index.php\/wp-json\/wp\/v2\/users\/1"}],"replies":[{"embeddable":true,"href":"https:\/\/tatianafomina.com\/index.php\/wp-json\/wp\/v2\/comments?post=60"}],"version-history":[{"count":22,"href":"https:\/\/tatianafomina.com\/index.php\/wp-json\/wp\/v2\/pages\/60\/revisions"}],"predecessor-version":[{"id":723,"href":"https:\/\/tatianafomina.com\/index.php\/wp-json\/wp\/v2\/pages\/60\/revisions\/723"}],"wp:attachment":[{"href":"https:\/\/tatianafomina.com\/index.php\/wp-json\/wp\/v2\/media?parent=60"}],"curies":[{"name":"wp","href":"https:\/\/api.w.org\/{rel}","templated":true}]}}