{"id":164,"date":"2017-11-15T16:27:23","date_gmt":"2017-11-15T16:27:23","guid":{"rendered":"http:\/\/tatianafomina.com\/?page_id=164"},"modified":"2018-06-22T16:30:28","modified_gmt":"2018-06-22T16:30:28","slug":"laboratori-esperienziali","status":"publish","type":"page","link":"https:\/\/tatianafomina.com\/index.php\/laboratori-esperienziali\/","title":{"rendered":"I MIEI LABORATORI ESPERIENZIALI"},"content":{"rendered":"<h4><strong>Il laboratorio esperienziale \u00e8 un momento d\u2019incontro dove si lavora insieme \u00a0sul proprio benessere psicofisico<\/strong>, per diventare consapevoli di come ci\u00a0 \u201cmanifestiamo\u201d, scoprire la propria modalit\u00e0 d\u2019incontro con l&#8217;altro, promuovere l&#8217;equilibrio dell&#8217;unit\u00e0 \u201ccorpo-mente-relazione\u201d.<\/h4>\n<p>Il momento presente, qui e ora o \u201cHic et Nunc\u201d &#8211; come dicevano i latini, \u00a0\u00e8 il momento che esiste. L\u2019 ORA \u00e8 inafferrabile, un attimo prima \u00e8 gi\u00e0 passato, un attimo dopo non c\u2019\u00e8 ancora e QUI sei tu.<\/p>\n<p>Il laboratorio esperienziale ti aiuta a stabilire un contatto con il presente vivendo Qui, \u00a0un personale momento, vissuto con gli altri e insieme agli altri; un momento indivisibile e condiviso tra tutti i partecipanti, e Ora, per vederci dentro e comprendere che l\u2019unico modo per scoprire chi siamo veramente \u00e8 dare a noi stessi una possibilit\u00e0.<\/p>\n<h4><strong>Scopri il laboratorio esperienziale &#8220;<a href=\"https:\/\/tatianafomina.com\/index.php\/counsellor-laboratorio-esperienziale-profumo\/\">Profumo dell&#8217;anima<\/a>&#8220;<\/strong><\/h4>\n","protected":false},"excerpt":{"rendered":"<p>Il laboratorio esperienziale \u00e8 un momento d\u2019incontro dove si lavora insieme \u00a0sul proprio benessere psicofisico, per diventare consapevoli di come ci\u00a0 \u201cmanifestiamo\u201d, scoprire la propria modalit\u00e0 d\u2019incontro con l&#8217;altro, promuovere l&#8217;equilibrio dell&#8217;unit\u00e0 \u201ccorpo-mente-relazione\u201d. Il momento presente, qui e ora o \u201cHic et Nunc\u201d &#8211; come dicevano i latini, \u00a0\u00e8 il [&hellip;]<\/p>\n","protected":false},"author":1,"featured_media":0,"parent":0,"menu_order":0,"comment_status":"closed","ping_status":"closed","template":"","meta":{"_themeisle_gutenberg_block_has_review":false,"footnotes":""},"class_list":["post-164","page","type-page","status-publish","hentry"],"yoast_head":"<!-- This site is optimized with the Yoast SEO plugin v27.5 - https:\/\/yoast.com\/product\/yoast-seo-wordpress\/ -->\n<title>laboratorio esperienziale<\/title>\n<meta name=\"description\" content=\"Il laboratorio esperienziale \u00e8 un momento dove si lavora\u00a0sul proprio benessere psicofisico\" \/>\n<meta name=\"robots\" content=\"index, follow, max-snippet:-1, max-image-preview:large, max-video-preview:-1\" \/>\n<link rel=\"canonical\" href=\"https:\/\/tatianafomina.com\/index.php\/laboratori-esperienziali\/\" \/>\n<meta property=\"og:locale\" content=\"it_IT\" \/>\n<meta property=\"og:type\" content=\"article\" \/>\n<meta property=\"og:title\" content=\"laboratorio esperienziale\" \/>\n<meta property=\"og:description\" content=\"Il laboratorio esperienziale \u00e8 un momento dove si lavora\u00a0sul proprio benessere psicofisico\" \/>\n<meta property=\"og:url\" content=\"https:\/\/tatianafomina.com\/index.php\/laboratori-esperienziali\/\" \/>\n<meta property=\"og:site_name\" content=\"Scrittrice e Counselor - Roma\" \/>\n<meta property=\"article:modified_time\" content=\"2018-06-22T16:30:28+00:00\" \/>\n<meta name=\"twitter:card\" content=\"summary_large_image\" \/>\n<meta name=\"twitter:label1\" content=\"Tempo di lettura stimato\" \/>\n\t<meta name=\"twitter:data1\" content=\"1 minuto\" \/>\n<script type=\"application\/ld+json\" class=\"yoast-schema-graph\">{\"@context\":\"https:\\\/\\\/schema.org\",\"@graph\":[{\"@type\":\"WebPage\",\"@id\":\"https:\\\/\\\/tatianafomina.com\\\/index.php\\\/laboratori-esperienziali\\\/\",\"url\":\"https:\\\/\\\/tatianafomina.com\\\/index.php\\\/laboratori-esperienziali\\\/\",\"name\":\"laboratorio esperienziale\",\"isPartOf\":{\"@id\":\"https:\\\/\\\/tatianafomina.com\\\/#website\"},\"datePublished\":\"2017-11-15T16:27:23+00:00\",\"dateModified\":\"2018-06-22T16:30:28+00:00\",\"description\":\"Il laboratorio esperienziale \u00e8 un momento dove si lavora\u00a0sul proprio benessere psicofisico\",\"breadcrumb\":{\"@id\":\"https:\\\/\\\/tatianafomina.com\\\/index.php\\\/laboratori-esperienziali\\\/#breadcrumb\"},\"inLanguage\":\"it-IT\",\"potentialAction\":[{\"@type\":\"ReadAction\",\"target\":[\"https:\\\/\\\/tatianafomina.com\\\/index.php\\\/laboratori-esperienziali\\\/\"]}]},{\"@type\":\"BreadcrumbList\",\"@id\":\"https:\\\/\\\/tatianafomina.com\\\/index.php\\\/laboratori-esperienziali\\\/#breadcrumb\",\"itemListElement\":[{\"@type\":\"ListItem\",\"position\":1,\"name\":\"Home\",\"item\":\"https:\\\/\\\/tatianafomina.com\\\/\"},{\"@type\":\"ListItem\",\"position\":2,\"name\":\"I MIEI LABORATORI ESPERIENZIALI\"}]},{\"@type\":\"WebSite\",\"@id\":\"https:\\\/\\\/tatianafomina.com\\\/#website\",\"url\":\"https:\\\/\\\/tatianafomina.com\\\/\",\"name\":\"Tatiana Fomina - Counselor\",\"description\":\"Tatiana Fomina - Scrittrice e Counsellor\",\"potentialAction\":[{\"@type\":\"SearchAction\",\"target\":{\"@type\":\"EntryPoint\",\"urlTemplate\":\"https:\\\/\\\/tatianafomina.com\\\/?s={search_term_string}\"},\"query-input\":{\"@type\":\"PropertyValueSpecification\",\"valueRequired\":true,\"valueName\":\"search_term_string\"}}],\"inLanguage\":\"it-IT\"}]}<\/script>\n<!-- \/ Yoast SEO plugin. -->","yoast_head_json":{"title":"laboratorio esperienziale","description":"Il laboratorio esperienziale \u00e8 un momento dove si lavora\u00a0sul proprio benessere psicofisico","robots":{"index":"index","follow":"follow","max-snippet":"max-snippet:-1","max-image-preview":"max-image-preview:large","max-video-preview":"max-video-preview:-1"},"canonical":"https:\/\/tatianafomina.com\/index.php\/laboratori-esperienziali\/","og_locale":"it_IT","og_type":"article","og_title":"laboratorio esperienziale","og_description":"Il laboratorio esperienziale \u00e8 un momento dove si lavora\u00a0sul proprio benessere psicofisico","og_url":"https:\/\/tatianafomina.com\/index.php\/laboratori-esperienziali\/","og_site_name":"Scrittrice e Counselor - Roma","article_modified_time":"2018-06-22T16:30:28+00:00","twitter_card":"summary_large_image","twitter_misc":{"Tempo di lettura stimato":"1 minuto"},"schema":{"@context":"https:\/\/schema.org","@graph":[{"@type":"WebPage","@id":"https:\/\/tatianafomina.com\/index.php\/laboratori-esperienziali\/","url":"https:\/\/tatianafomina.com\/index.php\/laboratori-esperienziali\/","name":"laboratorio esperienziale","isPartOf":{"@id":"https:\/\/tatianafomina.com\/#website"},"datePublished":"2017-11-15T16:27:23+00:00","dateModified":"2018-06-22T16:30:28+00:00","description":"Il laboratorio esperienziale \u00e8 un momento dove si lavora\u00a0sul proprio benessere psicofisico","breadcrumb":{"@id":"https:\/\/tatianafomina.com\/index.php\/laboratori-esperienziali\/#breadcrumb"},"inLanguage":"it-IT","potentialAction":[{"@type":"ReadAction","target":["https:\/\/tatianafomina.com\/index.php\/laboratori-esperienziali\/"]}]},{"@type":"BreadcrumbList","@id":"https:\/\/tatianafomina.com\/index.php\/laboratori-esperienziali\/#breadcrumb","itemListElement":[{"@type":"ListItem","position":1,"name":"Home","item":"https:\/\/tatianafomina.com\/"},{"@type":"ListItem","position":2,"name":"I MIEI LABORATORI ESPERIENZIALI"}]},{"@type":"WebSite","@id":"https:\/\/tatianafomina.com\/#website","url":"https:\/\/tatianafomina.com\/","name":"Tatiana Fomina - Counselor","description":"Tatiana Fomina - Scrittrice e Counsellor","potentialAction":[{"@type":"SearchAction","target":{"@type":"EntryPoint","urlTemplate":"https:\/\/tatianafomina.com\/?s={search_term_string}"},"query-input":{"@type":"PropertyValueSpecification","valueRequired":true,"valueName":"search_term_string"}}],"inLanguage":"it-IT"}]}},"_links":{"self":[{"href":"https:\/\/tatianafomina.com\/index.php\/wp-json\/wp\/v2\/pages\/164","targetHints":{"allow":["GET"]}}],"collection":[{"href":"https:\/\/tatianafomina.com\/index.php\/wp-json\/wp\/v2\/pages"}],"about":[{"href":"https:\/\/tatianafomina.com\/index.php\/wp-json\/wp\/v2\/types\/page"}],"author":[{"embeddable":true,"href":"https:\/\/tatianafomina.com\/index.php\/wp-json\/wp\/v2\/users\/1"}],"replies":[{"embeddable":true,"href":"https:\/\/tatianafomina.com\/index.php\/wp-json\/wp\/v2\/comments?post=164"}],"version-history":[{"count":12,"href":"https:\/\/tatianafomina.com\/index.php\/wp-json\/wp\/v2\/pages\/164\/revisions"}],"predecessor-version":[{"id":386,"href":"https:\/\/tatianafomina.com\/index.php\/wp-json\/wp\/v2\/pages\/164\/revisions\/386"}],"wp:attachment":[{"href":"https:\/\/tatianafomina.com\/index.php\/wp-json\/wp\/v2\/media?parent=164"}],"curies":[{"name":"wp","href":"https:\/\/api.w.org\/{rel}","templated":true}]}}